{"id":1685,"date":"2014-09-03T09:47:32","date_gmt":"2014-09-03T07:47:32","guid":{"rendered":"https:\/\/www.unterstroemt.de\/?page_id=1685"},"modified":"2018-04-03T16:20:57","modified_gmt":"2018-04-03T14:20:57","slug":"was-ist-ein-feed-rssatom","status":"publish","type":"page","link":"https:\/\/www.unterstroemt.de\/?page_id=1685","title":{"rendered":"Was ist ein FEED (RSS\/Atom)?"},"content":{"rendered":"<p>Dabei handelt es sich um ein kostenloses Abonnement des Blogs, das mit einem entsprechenden Programm\/einer entsprechenden App abgefragt wird. So lassen sich neue Beitr\u00e4ge automatisch auf Webseiten, Pads und Mobiltelefonen anzeigen. Dieses Abonnement l\u00e4sst sich in verschiedenen Formaten abfragen, wobei RSS das meistverbreitetste ist und ATOM eine abgespekte RSS Version.<\/p>\n<p>Unter dem Stichwort &#8222;Newsreader&#8220; oder &#8222;RSS Reader&#8220; findet sich f\u00fcr jedes Endger\u00e4t eine entsprechende kostenlose Software. Eine ausf\u00fchrliche Erkl\u00e4rung findest Du z. B. auf <a title=\"Wikipedia | RSS\" href=\"http:\/\/de.wikipedia.org\/wiki\/RSS\" target=\"_blank\">Wikipedia<\/a>.<\/p>\n","protected":false},"excerpt":{"rendered":"<p>Dabei handelt es sich um ein kostenloses Abonnement des Blogs, das mit einem entsprechenden Programm\/einer entsprechenden App abgefragt wird. So lassen sich neue Beitr\u00e4ge automatisch auf Webseiten, Pads und Mobiltelefonen anzeigen. Dieses Abonnement l\u00e4sst sich in verschiedenen Formaten abfragen, wobei RSS das meistverbreitetste ist und ATOM eine abgespekte RSS Version. Unter dem Stichwort &#8222;Newsreader&#8220; oder [&hellip;]<\/p>\n","protected":false},"author":1,"featured_media":0,"parent":0,"menu_order":500,"comment_status":"open","ping_status":"closed","template":"","meta":{"footnotes":""},"class_list":["post-1685","page","type-page","status-publish","hentry"],"_links":{"self":[{"href":"https:\/\/www.unterstroemt.de\/index.php?rest_route=\/wp\/v2\/pages\/1685","targetHints":{"allow":["GET"]}}],"collection":[{"href":"https:\/\/www.unterstroemt.de\/index.php?rest_route=\/wp\/v2\/pages"}],"about":[{"href":"https:\/\/www.unterstroemt.de\/index.php?rest_route=\/wp\/v2\/types\/page"}],"author":[{"embeddable":true,"href":"https:\/\/www.unterstroemt.de\/index.php?rest_route=\/wp\/v2\/users\/1"}],"replies":[{"embeddable":true,"href":"https:\/\/www.unterstroemt.de\/index.php?rest_route=%2Fwp%2Fv2%2Fcomments&post=1685"}],"version-history":[{"count":5,"href":"https:\/\/www.unterstroemt.de\/index.php?rest_route=\/wp\/v2\/pages\/1685\/revisions"}],"predecessor-version":[{"id":1692,"href":"https:\/\/www.unterstroemt.de\/index.php?rest_route=\/wp\/v2\/pages\/1685\/revisions\/1692"}],"wp:attachment":[{"href":"https:\/\/www.unterstroemt.de\/index.php?rest_route=%2Fwp%2Fv2%2Fmedia&parent=1685"}],"curies":[{"name":"wp","href":"https:\/\/api.w.org\/{rel}","templated":true}]}}